{"id":338,"date":"2020-09-26T07:29:33","date_gmt":"2020-09-26T05:29:33","guid":{"rendered":"http:\/\/editions.meloguitars.com\/?post_type=product&#038;p=338"},"modified":"2021-11-11T21:17:33","modified_gmt":"2021-11-11T19:17:33","slug":"jose-luis-romanillos-guitarras-epoca-de-guijosa-edicion-bibliofilo-firmada-por-j-l-romanillos-and-m-harris-y-sellado-por-meloguitars","status":"publish","type":"product","link":"https:\/\/editions.meloguitars.com\/es\/producte\/jose-luis-romanillos-guitarras-epoca-de-guijosa-edicion-bibliofilo-firmada-por-j-l-romanillos-and-m-harris-y-sellado-por-meloguitars\/","title":{"rendered":"Jos\u00e9 Luis Romanillos &#8211; Guitarras, \u00c9poca de Guijosa <br> <strong>Edici\u00f3n bibli\u00f3filo firmada por J. L. Romanillos y M. Harris, sellado por MELOGUITARS<\/strong>"},"content":{"rendered":"","protected":false},"excerpt":{"rendered":"<p>Caracter\u00edsticas del libro:<\/p>\n<ul>\n<li style=\"list-style-type: none;\">\n<ul>\n<li>Tapa dura. Encuadernaci\u00f3n en tela. Embalaje de cart\u00f3n.<\/li>\n<li>Medidas: 38&#215;28 cm (14.96&#215;11.02 in)<\/li>\n<li>P\u00e1ginas: 450 (incluidos 25 tr\u00edpticos)<\/li>\n<li>Desplegables cuadr\u00edpticos: 26<\/li>\n<li>Idiomas: Espa\u00f1ol + Ingl\u00e9s<\/li>\n<li>Fotograf\u00edas: 900<\/li>\n<li>Planos: 170<\/li>\n<li>Tiraje muy limitado<\/li>\n<\/ul>\n<\/li>\n<\/ul>\n<p>&nbsp;<\/p>\n","protected":false},"featured_media":847,"template":"","meta":[],"product_brand":[],"product_cat":[15],"product_tag":[],"class_list":{"0":"post-338","1":"product","2":"type-product","3":"status-publish","4":"has-post-thumbnail","6":"product_cat-llibres","8":"first","9":"outofstock","10":"taxable","11":"shipping-taxable","12":"purchasable","13":"product-type-simple"},"_links":{"self":[{"href":"https:\/\/editions.meloguitars.com\/es\/wp-json\/wp\/v2\/product\/338","targetHints":{"allow":["GET"]}}],"collection":[{"href":"https:\/\/editions.meloguitars.com\/es\/wp-json\/wp\/v2\/product"}],"about":[{"href":"https:\/\/editions.meloguitars.com\/es\/wp-json\/wp\/v2\/types\/product"}],"wp:featuredmedia":[{"embeddable":true,"href":"https:\/\/editions.meloguitars.com\/es\/wp-json\/wp\/v2\/media\/847"}],"wp:attachment":[{"href":"https:\/\/editions.meloguitars.com\/es\/wp-json\/wp\/v2\/media?parent=338"}],"wp:term":[{"taxonomy":"product_brand","embeddable":true,"href":"https:\/\/editions.meloguitars.com\/es\/wp-json\/wp\/v2\/product_brand?post=338"},{"taxonomy":"product_cat","embeddable":true,"href":"https:\/\/editions.meloguitars.com\/es\/wp-json\/wp\/v2\/product_cat?post=338"},{"taxonomy":"product_tag","embeddable":true,"href":"https:\/\/editions.meloguitars.com\/es\/wp-json\/wp\/v2\/product_tag?post=338"}],"curies":[{"name":"wp","href":"https:\/\/api.w.org\/{rel}","templated":true}]}}