{"id":335,"date":"2020-09-26T07:13:59","date_gmt":"2020-09-26T05:13:59","guid":{"rendered":"http:\/\/editions.meloguitars.com\/?post_type=product&#038;p=335"},"modified":"2021-11-11T21:19:33","modified_gmt":"2021-11-11T19:19:33","slug":"jose-luis-romanillos-guitarras-epoca-de-guijosa-edicion-bibliofilo","status":"publish","type":"product","link":"https:\/\/editions.meloguitars.com\/es\/producte\/jose-luis-romanillos-guitarras-epoca-de-guijosa-edicion-bibliofilo\/","title":{"rendered":"Jos\u00e9 Luis Romanillos &#8211; Guitarras, \u00c9poca de Guijosa <br> <strong>Edici\u00f3n bibli\u00f3filo<\/strong>"},"content":{"rendered":"","protected":false},"excerpt":{"rendered":"<p>Caracter\u00edsticas del libro:<\/p>\n<ul>\n<li style=\"list-style-type: none;\">\n<ul>\n<li>Tapa dura. Encuadernaci\u00f3n en tela. Embalaje de cart\u00f3n.<\/li>\n<li>Medidas: 38&#215;28 cm (14.96&#215;11.02 in)<\/li>\n<li>P\u00e1ginas: 450 (incluidos 25 tr\u00edpticos)<\/li>\n<li>Desplegables cuadr\u00edpticos: 26<\/li>\n<li>Idiomas: Espa\u00f1ol + Ingl\u00e9s<\/li>\n<li>Fotograf\u00edas: 900<\/li>\n<li>Planos: 170<\/li>\n<li>Tiraje limitado y numerado: 500 unidades, de estas, 450 unidades son edici\u00f3n est\u00e1ndar y 50 unidades de edici\u00f3n bibli\u00f3filo.<\/li>\n<\/ul>\n<\/li>\n<\/ul>\n","protected":false},"featured_media":845,"template":"","meta":[],"product_brand":[],"product_cat":[15],"product_tag":[],"class_list":{"0":"post-335","1":"product","2":"type-product","3":"status-publish","4":"has-post-thumbnail","6":"product_cat-llibres","8":"first","9":"instock","10":"taxable","11":"shipping-taxable","12":"purchasable","13":"product-type-simple"},"_links":{"self":[{"href":"https:\/\/editions.meloguitars.com\/es\/wp-json\/wp\/v2\/product\/335","targetHints":{"allow":["GET"]}}],"collection":[{"href":"https:\/\/editions.meloguitars.com\/es\/wp-json\/wp\/v2\/product"}],"about":[{"href":"https:\/\/editions.meloguitars.com\/es\/wp-json\/wp\/v2\/types\/product"}],"wp:featuredmedia":[{"embeddable":true,"href":"https:\/\/editions.meloguitars.com\/es\/wp-json\/wp\/v2\/media\/845"}],"wp:attachment":[{"href":"https:\/\/editions.meloguitars.com\/es\/wp-json\/wp\/v2\/media?parent=335"}],"wp:term":[{"taxonomy":"product_brand","embeddable":true,"href":"https:\/\/editions.meloguitars.com\/es\/wp-json\/wp\/v2\/product_brand?post=335"},{"taxonomy":"product_cat","embeddable":true,"href":"https:\/\/editions.meloguitars.com\/es\/wp-json\/wp\/v2\/product_cat?post=335"},{"taxonomy":"product_tag","embeddable":true,"href":"https:\/\/editions.meloguitars.com\/es\/wp-json\/wp\/v2\/product_tag?post=335"}],"curies":[{"name":"wp","href":"https:\/\/api.w.org\/{rel}","templated":true}]}}