{"id":3,"date":"2019-09-19T13:43:18","date_gmt":"2019-09-19T11:43:18","guid":{"rendered":"http:\/\/editions.meloguitars.com\/?page_id=3"},"modified":"2020-09-30T16:11:56","modified_gmt":"2020-09-30T14:11:56","slug":"aviso-legal","status":"publish","type":"page","link":"https:\/\/editions.meloguitars.com\/es\/aviso-legal\/","title":{"rendered":"AVISO LEGAL"},"content":{"rendered":"<h3>INFORMACI\u00d3N GENERAL<\/h3>\n<p>Mediante este documento, se establecen las condiciones generales de la relaci\u00f3n contractual que tiene por objeto, la compraventa de libros ofrecidos desde la p\u00e1gina web https:\/\/editions.meloguitars.com, titularidad de MELOGUITARS EDITIONS, con domicilio en la Calle Montseny, 49, CP 08208 de Sabadell (Barcelona), y las personas f\u00edsicas que manifiesten la voluntad de comprar los mencionados productos mediante la solicitud realizada v\u00eda Internet a trav\u00e9s de este sitio web.<\/p>\n<p>MELOGUITARS EDITIONS declina toda responsabilidad que se derive de una mala utilizaci\u00f3n de los contenidos mostrados en esta p\u00e1gina y se reserva el derecho de actualizarlos, eliminarlos y limitar o restringir el acceso en cualquier momento, de manera temporal o permanente.<\/p>\n<p>MELOGUITARS EDITIONS declina toda responsabilidad que se derive de cualquier informaci\u00f3n no contenida en esta p\u00e1gina web. Concretamente, declina la responsabilidad sobre la informaci\u00f3n que contengan p\u00e1ginas web de terceras personas conectadas mediante enlaces (links) con las p\u00e1ginas web de MELOGUITARS EDITIONS.<\/p>\n<p>MELOGUITARS EDITIONS no se hace responsable de los posibles errores de seguridad que se puedan producir por el hecho de utilizar ordenadores infectados con virus inform\u00e1ticos, ni de las consecuencias que se puedan derivar del mal funcionamiento del navegador o por el uso de versiones no actualizadas del mismo.<\/p>\n<h3>CONDICIONES DE VENTA<\/h3>\n<p>Las presentes Condiciones Generales regularan expresamente las relaciones surgidas entre MELOGUITARS EDITIONS y los terceros (desde ahora, \u201cUsuarios\u201d) que se den de alta como usuarios y\/o adquieran productos a trav\u00e9s de la tienda online de la p\u00e1gina web oficial de MELOGUITARS EDITIONS (https:\/\/editions.meloguitars.com \u201c, desde ahora la \u00abTienda\u201c).<\/p>\n<h4>1. OBLIGACIONES DEL USUARIO<\/h4>\n<p>El usuario se obliga, con car\u00e1cter general, a utilizar la Tienda, a adquirir los Productos y a utilizar cada uno de los servicios de la Tienda de forma diligente, de conformidad con la ley, la moral, el orden p\u00fablico y lo dispuesto en estas Condiciones Generales, y deber\u00e1 as\u00ed mismo abstenerse de utilizarlos en cualquier forma que pueda impedir, da\u00f1ar o deteriorar el normal funcionamiento de la Tienda por parte de los Usuarios o que pueda lesionar o causar da\u00f1os a los bienes y derechos de MELOGUITARS EDITIONS, Usuarios o en general cualquier tercero.<\/p>\n<h4>2. PRODUCTOS Y PRECIOS<\/h4>\n<p>MELOGUITARS EDITIONS se reserva el derecho a decidir, en cada momento, los Productos que se ofrecen a los Usuarios a trav\u00e9s de la Tienda. En particular, MELOGUITARS EDITIONS podr\u00e1<br \/>en cualquier momento a\u00f1adir nuevos Productos a los ofrecidos o incluidos en la Tienda, entendi\u00e9ndose que salvo que se disponga de otra cosa, tales nuevos Productos se regir\u00e1n por lo que dispongan las presentes Condiciones Generales. As\u00ed mismo, MELOGUITARS EDITIONS se reserva el derecho a dejar de prestar o facilitar el acceso y utilizaci\u00f3n en cualquier momento y sin previo aviso de las diferentes clases de Productos que se ofrecen en la Tienda.<\/p>\n<p>Los Productos incluidos en la Tienda se corresponder\u00e1n de la forma m\u00e1s fidedigna posible que permita la tecnolog\u00eda de visualizaci\u00f3n en web a los Productos efectivamente ofrecidos. Las caracter\u00edsticas de los Productos y sus precios aparecen la Tienda.<\/p>\n<h4>3. PROCEDIMIENTO Y FORMA DE PAGO DE LOS PRODUCTOS<\/h4>\n<ul>\n<li>a. En el t\u00e9rmino m\u00e1ximo de veinticuatro (48) horas, MELOGUITARS EDITIONS enviar\u00e1 un correo electr\u00f3nico al Usuario, confirmando la compra. Este correo electr\u00f3nico asignar\u00e1 un c\u00f3digo de referencia de la compra y detallar\u00e1 las caracter\u00edsticas del producto, su precio, gastos de env\u00edo y los datos para efectuar el pago de los Productos a MELOGUITARS EDITIONS<\/li>\n<li>b. El Usuario que adquiere un producto a trav\u00e9s de la Tienda deber\u00e1 efectuar el pago mediante los sistemas de pago espec\u00edficamente detallados en la Tienda.<\/li>\n<li>c. La confirmaci\u00f3n del pedido enviado por MELOGUITARS EDITIONS, no tiene validez como factura, \u00fanicamente como comprobante de la compra. MELOGUITARS EDITIONS, enviar\u00e1<br \/>junto al Producto, la factura correspondiente.<\/li>\n<\/ul>\n<h4>4. DERECHO A DEVOLUCI\u00d3N<\/h4>\n<ul>\n<li>a. El usuario tiene el derecho a denegar, por el cual deber\u00e1 contactar con MELOGUITARS EDITIONS, a trav\u00e9s de correo electr\u00f3nico a la siguiente direcci\u00f3n: info@meloguitars.com y<br \/>desistir de la compra realizada en un t\u00e9rmino no superior a catorce (14) d\u00edas para los compradores de la Uni\u00f3n Europea y cinco (5) d\u00edas para compradores del resto del mundo, contados a partir de la recepci\u00f3n del Producto. El Producto deber\u00e1 ser enviado junto con su envoltorio original y en perfecto estado, siguiendo las instrucciones proporcionadas por MELOGUITARS EDITIONS en contestaci\u00f3n a su notificaci\u00f3n de desistimiento.<\/li>\n<li>b. El desistimiento comporta la devoluci\u00f3n del importe pagado. El t\u00e9rmino para este abono ser\u00e1 el establecido en la Ley, despu\u00e9s de haber recibido por parte de MELOGUITARS EDITIONS, el Producto objecto de desistimiento en perfecto estado de conservaci\u00f3n.<\/li>\n<li>c. No se puede ejercer el derecho de devoluci\u00f3n cuando el Producto no se devuelva con su embalage original y cuando el Producto no est\u00e9 en perfecto estado.<\/li>\n<li>d. Comprobar el buen estado del paquete ante el transportista que, por cuenta del MELOGUITARS EDITIONS, realice la entrega del producto solicitado, indicando en el albar\u00e1n de entrega cualquiera anomal\u00eda que pudiera detectar el embalaje. En este caso, si una vez revisado el contenido el cliente detectara cualquier incidencia como golpe, ruptura o cualquier desperfecto causados por la remisi\u00f3n, este se compromete a comunicarlo al MELOGUITARS EDITIONS en el menor plazo de tiempo posible. NO SE ACEPTAN DEVOLUCIONES POR DA\u00d1OS EN EL LIBRO A CAUSA DEL TRANSPORTE, SI NO SE HA HECHO CONSTAR EN EL ALBAR\u00c1N DE ENTREGA.<\/li>\n<li>e. Si la devoluci\u00f3n es por causa de defectos en el producto<\/li>\n<\/ul>\n<h4>5. SERVICIO DE ATENCI\u00d3N AL CLIENTE<\/h4>\n<p>Para cualquier incidencia, reclamaci\u00f3n o ejercicio de sus derechos, el Usuario podr\u00e1 enviar un correo electr\u00f3nico a la direcci\u00f3n: info@meloguitars.com.<\/p>\n<h4>6. SERVICIO DE ENTREGA A DOMICILIO<\/h4>\n<ul>\n<li>a. Los Productos comprados a trav\u00e9s de la Tienda se enviar\u00e1n a la direcci\u00f3n de env\u00edo que el Usuario indique una vez comprobado el pago, siendo el t\u00e9rmino m\u00e1ximo de entrega el de treinta (30) d\u00edas establecidos por defecto en la Ley.<\/li>\n<li>b. El servicio de entrega de MELOGUITARS EDITIONS, se realiza en colaboraci\u00f3n con diferentes operadores log\u00edsticos de reconocido prestigio. No se entregar\u00e1 en Apartados de Correos, ni Hoteles u otras direcciones no permanentes.<\/li>\n<li>c. El coste de los env\u00edos se corresponde con la destinaci\u00f3n del mismo.<\/li>\n<\/ul>\n<h4>7. PROPIEDAD INTELECTUAL E INDUSTRIAL<\/h4>\n<ul>\n<li>a. El Usuario reconoce que todos los elementos de la Tienda y de cada uno de los Productos, la informaci\u00f3n y materiales contenidos en los mismos, las marcas, la estructura, selecci\u00f3n y ordenaci\u00f3n y presentaci\u00f3n, los programas inform\u00e1ticos utilizados en relaci\u00f3n con ellos, est\u00e1n protegidos por los derechos de propiedad intelectual e industrial del propio MELOGUITARS EDITIONS o de terceros, y que las Condiciones Generales no le atribuyen respecto a estos derechos de propiedad industrial e intelectual hacia ning\u00fan otro derecho diferente de los espec\u00edficamente contemplamos en los mismos.<\/li>\n<li>b. Excepto en el caso que fuera autorizado por MELOGUITARS EDITIONS, o si fuese por los terceros titulares de los derechos correspondientes, o a menos que esto resulte legalmente permitido, el Usuario no podr\u00e1 reproducir, transformar, modificar, desacoplar, realizar ingenier\u00eda inversa, distribuir, alquilar, prestar, poner a disposici\u00f3n o permitir el acceso al p\u00fablico a trav\u00e9s de cualquier modalidad de comunicaci\u00f3n p\u00fablica de ninguno de los elementos referido en el par\u00e1grafo anterior. El Usuario deber\u00e1 utilizar los materiales, elementos e informaci\u00f3n a la que acceda a trav\u00e9s de la utilizaci\u00f3n de la tienda, \u00fanicamente para sus propias necesidades, oblig\u00e1ndose a no realizar ni directa ni indirectamente una explotaci\u00f3n comercial de los materiales, elementos e informaci\u00f3n obtenidos a trav\u00e9s de los mismos.<\/li>\n<li>c. El Usuario deber\u00e1 abstenerse de eludir o manipular cualquier dispositivo t\u00e9cnico establecido por MELOGUITARS EDITIONS o por terceros en la Tienda.<\/li>\n<\/ul>\n<h4>8. LEY APLICABLE Y HURTO<\/h4>\n<p>Las presentes condiciones generales se rigen por la legislaci\u00f3n espa\u00f1ola. Cualquier controversia surgida de la interpretaci\u00f3n o ejecuci\u00f3n que pudieran surgir en relaci\u00f3n con la validez, interpretaci\u00f3n, cumplimiento o resoluci\u00f3n del presente contrato, se someter\u00e1 ante la Jurisdicci\u00f3n y Competencia de los Juzgados y Tribunales de Sabadell, con renuncia al hurto que pudiera corresponder al Usuario, siempre que la legislaci\u00f3n aplicable as\u00ed lo permita.<\/p>\n","protected":false},"excerpt":{"rendered":"<p>INFORMACI\u00d3N GENERAL Mediante este documento, se establecen las condiciones generales de la relaci\u00f3n contractual que tiene por objeto, la compraventa de libros ofrecidos desde la p\u00e1gina web https:\/\/editions.meloguitars.com, titularidad de MELOGUITARS EDITIONS, con domicilio en la Calle Montseny, 49, CP 08208 de Sabadell (Barcelona), y&#8230;<\/p>\n","protected":false},"author":1,"featured_media":0,"parent":0,"menu_order":0,"comment_status":"closed","ping_status":"open","template":"","meta":{"footnotes":""},"class_list":["post-3","page","type-page","status-publish","hentry"],"_links":{"self":[{"href":"https:\/\/editions.meloguitars.com\/es\/wp-json\/wp\/v2\/pages\/3","targetHints":{"allow":["GET"]}}],"collection":[{"href":"https:\/\/editions.meloguitars.com\/es\/wp-json\/wp\/v2\/pages"}],"about":[{"href":"https:\/\/editions.meloguitars.com\/es\/wp-json\/wp\/v2\/types\/page"}],"author":[{"embeddable":true,"href":"https:\/\/editions.meloguitars.com\/es\/wp-json\/wp\/v2\/users\/1"}],"replies":[{"embeddable":true,"href":"https:\/\/editions.meloguitars.com\/es\/wp-json\/wp\/v2\/comments?post=3"}],"version-history":[{"count":3,"href":"https:\/\/editions.meloguitars.com\/es\/wp-json\/wp\/v2\/pages\/3\/revisions"}],"predecessor-version":[{"id":519,"href":"https:\/\/editions.meloguitars.com\/es\/wp-json\/wp\/v2\/pages\/3\/revisions\/519"}],"wp:attachment":[{"href":"https:\/\/editions.meloguitars.com\/es\/wp-json\/wp\/v2\/media?parent=3"}],"curies":[{"name":"wp","href":"https:\/\/api.w.org\/{rel}","templated":true}]}}